{"id":1321,"date":"2025-01-21T13:40:47","date_gmt":"2025-01-21T13:40:47","guid":{"rendered":"https:\/\/schweiz.management\/?page_id=1321"},"modified":"2025-01-21T22:05:44","modified_gmt":"2025-01-21T22:05:44","slug":"br-tutti","status":"publish","type":"page","link":"https:\/\/schweiz.management\/?page_id=1321","title":{"rendered":"Gesamt-Bundesrat"},"content":{"rendered":"\n<div class=\"wp-block-group alignfull has-accent-2-background-color has-background has-global-padding is-layout-constrained wp-container-core-group-is-layout-669513ed wp-block-group-is-layout-constrained\" style=\"margin-top:0;margin-bottom:0;padding-top:var(--wp--preset--spacing--50);padding-right:var(--wp--preset--spacing--50);padding-bottom:var(--wp--preset--spacing--50);padding-left:var(--wp--preset--spacing--50)\">\n<div class=\"wp-block-columns alignwide is-layout-flex wp-container-core-columns-is-layout-28f84493 wp-block-columns-is-layout-flex\">\n<div class=\"wp-block-column is-layout-flow wp-block-column-is-layout-flow\" style=\"flex-basis:40%\">\n<p class=\"wp-container-content-0733e5d0\">Art Gallery \u2014 Overview<\/p>\n<\/div>\n\n\n\n<div class=\"wp-block-column is-layout-flow wp-block-column-is-layout-flow\" style=\"flex-basis:60%\">\n<p class=\"has-heading-font-family has-x-large-font-size\" style=\"line-height:1.2\">This transformative project seeks to enhance the gallery&#8217;s infrastructure, accessibility, and exhibition spaces while preserving its rich cultural heritage.<\/p>\n<\/div>\n<\/div>\n\n\n\n<div style=\"height:32px\" aria-hidden=\"true\" class=\"wp-block-spacer\"><\/div>\n\n\n\n<figure class=\"wp-block-image alignwide size-large is-style-rounded\"><img decoding=\"async\" src=\"https:\/\/schweiz.management\/wp-content\/themes\/twentytwentyfour\/assets\/images\/hotel-facade.webp\" alt=\"Hyatt Regency San Francisco, San Francisco, United States\"\/><\/figure>\n<\/div>\n\n\n\n<p>Der Schweizer Bundesrat besteht im Jahr 2025 aus folgenden Mitgliedern:<\/p>\n\n\n\n<figure class=\"wp-block-table\"><table class=\"has-fixed-layout\"><thead><tr><th>Name<\/th><th>Partei<\/th><th>Kanton<\/th><th>Departement<\/th><\/tr><\/thead><tbody><tr><td><strong>Karin Keller-Sutter<\/strong><\/td><td>FDP<\/td><td>St. Gallen<\/td><td>Eidgen\u00f6ssisches Finanzdepartement (EFD) \u2013 <strong>Bundespr\u00e4sidentin 2025<\/strong><\/td><\/tr><tr><td><strong>Guy Parmelin<\/strong><\/td><td>SVP<\/td><td>Waadt<\/td><td>Eidgen\u00f6ssisches Departement f\u00fcr Wirtschaft, Bildung und Forschung (WBF) \u2013 <strong>Vizepr\u00e4sident 2025<\/strong><\/td><\/tr><tr><td><strong>Ignazio Cassis<\/strong><\/td><td>FDP<\/td><td>Tessin<\/td><td>Eidgen\u00f6ssisches Departement f\u00fcr ausw\u00e4rtige Angelegenheiten (EDA)<\/td><\/tr><tr><td><strong>Viola Amherd<\/strong><\/td><td>Die Mitte<\/td><td>Wallis<\/td><td>Eidgen\u00f6ssisches Departement f\u00fcr Verteidigung, Bev\u00f6lkerungsschutz und Sport (VBS)<\/td><\/tr><tr><td><strong>Albert R\u00f6sti<\/strong><\/td><td>SVP<\/td><td>Bern<\/td><td>Eidgen\u00f6ssisches Departement f\u00fcr Umwelt, Verkehr, Energie und Kommunikation (UVEK)<\/td><\/tr><tr><td><strong>\u00c9lisabeth Baume-Schneider<\/strong><\/td><td>SP<\/td><td>Jura<\/td><td>Eidgen\u00f6ssisches Departement des Innern (EDI)<\/td><\/tr><tr><td><strong>Beat Jans<\/strong><\/td><td>SP<\/td><td>Basel-Stadt<\/td><td>Eidgen\u00f6ssisches Justiz- und Polizeidepartement (EJPD)<\/td><\/tr><\/tbody><\/table><\/figure>\n\n\n\n<p>Diese Zusammensetzung spiegelt die parteipolitische und regionale Vielfalt der Schweiz wider.<\/p>\n\n\n\n<div class=\"wp-block-cover alignfull is-light has-parallax\" style=\"padding-top:var(--wp--preset--spacing--50);padding-right:var(--wp--preset--spacing--50);padding-bottom:var(--wp--preset--spacing--50);padding-left:var(--wp--preset--spacing--50);min-height:100vh;aspect-ratio:unset;\"><span aria-hidden=\"true\" class=\"wp-block-cover__background has-base-background-color has-background-dim-0 has-background-dim\"><\/span><div class=\"wp-block-cover__image-background has-parallax\" style=\"background-position:50% 50%;background-image:url(https:\/\/schweiz.management\/wp-content\/themes\/twentytwentyfour\/assets\/images\/art-gallery.webp)\"><\/div><div class=\"wp-block-cover__inner-container has-global-padding is-layout-constrained wp-container-core-cover-is-layout-e4fd886c wp-block-cover-is-layout-constrained\">\n<div style=\"height:500px\" aria-hidden=\"true\" class=\"wp-block-spacer\"><\/div>\n<\/div><\/div>\n\n\n\n<div class=\"wp-block-group alignfull has-base-2-background-color has-background has-global-padding is-layout-constrained wp-container-core-group-is-layout-7cd14b77 wp-block-group-is-layout-constrained\" style=\"margin-top:0;margin-bottom:0;padding-top:var(--wp--preset--spacing--60);padding-right:var(--wp--preset--spacing--60);padding-bottom:var(--wp--preset--spacing--60);padding-left:var(--wp--preset--spacing--60)\">\n<div class=\"wp-block-group alignwide is-layout-flow wp-block-group-is-layout-flow\">\n<div style=\"height:var(--wp--preset--spacing--50)\" aria-hidden=\"true\" class=\"wp-block-spacer\"><\/div>\n\n\n\n<p class=\"has-text-align-center has-heading-font-family has-x-large-font-size\" style=\"font-style:normal;font-weight:400;line-height:1.2\"><em>\u00c9tudes<\/em> is not confined to the past\u2014we are passionate about the cutting edge designs shaping our world today.<\/p>\n\n\n\n<div style=\"height:var(--wp--preset--spacing--50)\" aria-hidden=\"true\" class=\"wp-block-spacer\"><\/div>\n<\/div>\n<\/div>\n\n\n\n<div class=\"wp-block-group alignfull has-base-2-color has-contrast-background-color has-text-color has-background has-link-color wp-elements-60736059cb240cec1fb802f06c6c3e68 has-global-padding is-layout-constrained wp-container-core-group-is-layout-facafb6f wp-block-group-is-layout-constrained\" style=\"margin-top:0;margin-bottom:0;padding-top:var(--wp--preset--spacing--50);padding-right:var(--wp--preset--spacing--50);padding-bottom:var(--wp--preset--spacing--50);padding-left:var(--wp--preset--spacing--50)\">\n<div class=\"wp-block-columns alignwide is-layout-flex wp-container-core-columns-is-layout-d1c656ed wp-block-columns-is-layout-flex\">\n<div class=\"wp-block-column is-vertically-aligned-stretch is-layout-flow wp-block-column-is-layout-flow\" style=\"padding-right:0;flex-basis:60%\">\n<div class=\"wp-block-group is-vertical is-content-justification-stretch is-layout-flex wp-container-core-group-is-layout-ae24f51d wp-block-group-is-layout-flex\" style=\"min-height:100%\">\n<figure class=\"wp-block-image size-large is-style-rounded\"><img decoding=\"async\" src=\"https:\/\/schweiz.management\/wp-content\/themes\/twentytwentyfour\/assets\/images\/angular-roof.webp\" alt=\"An empty staircase under an angular roof in Darling Harbour, Sydney, Australia\" style=\"aspect-ratio:9\/16;object-fit:cover\"\/><\/figure>\n\n\n\n<p class=\"has-medium-font-size\">1. Through \u00c9tudes, we aspire to redefine architectural boundaries and usher in a new era of design excellence that leaves an indelible mark on the built environment.<\/p>\n<\/div>\n<\/div>\n\n\n\n<div class=\"wp-block-column is-layout-flow wp-block-column-is-layout-flow\" style=\"flex-basis:40%\">\n<div class=\"wp-block-group has-global-padding is-layout-constrained wp-block-group-is-layout-constrained\">\n<p class=\"has-large-font-size\" style=\"font-style:normal;font-weight:500;line-height:1.2\">Our comprehensive suite of professional services caters to a diverse clientele, ranging from homeowners to commercial developers. With a commitment to innovation and sustainability, \u00c9tudes is the bridge that transforms architectural dreams into remarkable built realities.<\/p>\n\n\n\n<div style=\"height:var(--wp--preset--spacing--40)\" aria-hidden=\"true\" class=\"wp-block-spacer\"><\/div>\n\n\n\n<div class=\"wp-block-group is-layout-flow wp-block-group-is-layout-flow\">\n<p class=\"has-medium-font-size\">2. Case studies that celebrate the artistry can fuel curiosity and ignite inspiration.<\/p>\n\n\n\n<figure class=\"wp-block-image size-large is-style-rounded\"><img decoding=\"async\" src=\"https:\/\/schweiz.management\/wp-content\/themes\/twentytwentyfour\/assets\/images\/art-gallery.webp\" alt=\"Art Gallery of Ontario, Toronto, Canada\" style=\"aspect-ratio:9\/16;object-fit:cover\"\/><\/figure>\n<\/div>\n<\/div>\n<\/div>\n<\/div>\n<\/div>\n","protected":false},"excerpt":{"rendered":"<p>Art Gallery \u2014 Overview This transformative project seeks to enhance the gallery&#8217;s infrastructure, accessibility, and exhibition spaces while preserving its rich cultural heritage. Der Schweizer Bundesrat besteht im Jahr 2025 aus folgenden Mitgliedern: Name Partei Kanton Departement Karin Keller-Sutter FDP St. Gallen Eidgen\u00f6ssisches Finanzdepartement (EFD) \u2013 Bundespr\u00e4sidentin 2025 Guy Parmelin SVP Waadt Eidgen\u00f6ssisches Departement f\u00fcr [&hellip;]<\/p>\n","protected":false},"author":1,"featured_media":0,"parent":0,"menu_order":0,"comment_status":"closed","ping_status":"closed","template":"","meta":{"_uag_custom_page_level_css":"","_swt_meta_header_display":false,"_swt_meta_footer_display":false,"_swt_meta_site_title_display":false,"_swt_meta_sticky_header":false,"_swt_meta_transparent_header":false,"footnotes":""},"class_list":["post-1321","page","type-page","status-publish","hentry"],"featured_image_urls_v2":{"full":"","thumbnail":"","medium":"","medium_large":"","large":"","1536x1536":"","2048x2048":"","widget-thumbnail":""},"post_excerpt_stackable_v2":"<p>Art Gallery \u2014 Overview This transformative project seeks to enhance the gallery&#8217;s infrastructure, accessibility, and exhibition spaces while preserving its rich cultural heritage. Der Schweizer Bundesrat besteht im Jahr 2025 aus folgenden Mitgliedern: NameParteiKantonDepartementKarin Keller-SutterFDPSt. GallenEidgen\u00f6ssisches Finanzdepartement (EFD) \u2013 Bundespr\u00e4sidentin 2025Guy ParmelinSVPWaadtEidgen\u00f6ssisches Departement f\u00fcr Wirtschaft, Bildung und Forschung (WBF) \u2013 Vizepr\u00e4sident 2025Ignazio CassisFDPTessinEidgen\u00f6ssisches Departement f\u00fcr ausw\u00e4rtige Angelegenheiten (EDA)Viola AmherdDie MitteWallisEidgen\u00f6ssisches Departement f\u00fcr Verteidigung, Bev\u00f6lkerungsschutz und Sport (VBS)Albert R\u00f6stiSVPBernEidgen\u00f6ssisches Departement f\u00fcr Umwelt, Verkehr, Energie und Kommunikation (UVEK)\u00c9lisabeth Baume-SchneiderSPJuraEidgen\u00f6ssisches Departement des Innern (EDI)Beat JansSPBasel-StadtEidgen\u00f6ssisches Justiz- und Polizeidepartement (EJPD) Diese Zusammensetzung spiegelt die parteipolitische und regionale Vielfalt der Schweiz wider. \u00c9tudes is not&hellip;<\/p>\n","category_list_v2":"","author_info_v2":{"name":"heldner","url":"https:\/\/schweiz.management\/?author=1"},"comments_num_v2":"0 comments","uagb_featured_image_src":{"full":false,"thumbnail":false,"medium":false,"medium_large":false,"large":false,"1536x1536":false,"2048x2048":false,"widget-thumbnail":false},"uagb_author_info":{"display_name":"heldner","author_link":"https:\/\/schweiz.management\/?author=1"},"uagb_comment_info":0,"uagb_excerpt":"Art Gallery \u2014 Overview This transformative project seeks to enhance the gallery&#8217;s infrastructure, accessibility, and exhibition spaces while preserving its rich cultural heritage. Der Schweizer Bundesrat besteht im Jahr 2025 aus folgenden Mitgliedern: Name Partei Kanton Departement Karin Keller-Sutter FDP St. Gallen Eidgen\u00f6ssisches Finanzdepartement (EFD) \u2013 Bundespr\u00e4sidentin 2025 Guy Parmelin SVP Waadt Eidgen\u00f6ssisches Departement f\u00fcr&hellip;","_links":{"self":[{"href":"https:\/\/schweiz.management\/index.php?rest_route=\/wp\/v2\/pages\/1321","targetHints":{"allow":["GET"]}}],"collection":[{"href":"https:\/\/schweiz.management\/index.php?rest_route=\/wp\/v2\/pages"}],"about":[{"href":"https:\/\/schweiz.management\/index.php?rest_route=\/wp\/v2\/types\/page"}],"author":[{"embeddable":true,"href":"https:\/\/schweiz.management\/index.php?rest_route=\/wp\/v2\/users\/1"}],"replies":[{"embeddable":true,"href":"https:\/\/schweiz.management\/index.php?rest_route=%2Fwp%2Fv2%2Fcomments&post=1321"}],"version-history":[{"count":2,"href":"https:\/\/schweiz.management\/index.php?rest_route=\/wp\/v2\/pages\/1321\/revisions"}],"predecessor-version":[{"id":1328,"href":"https:\/\/schweiz.management\/index.php?rest_route=\/wp\/v2\/pages\/1321\/revisions\/1328"}],"wp:attachment":[{"href":"https:\/\/schweiz.management\/index.php?rest_route=%2Fwp%2Fv2%2Fmedia&parent=1321"}],"curies":[{"name":"wp","href":"https:\/\/api.w.org\/{rel}","templated":true}]}}